{"id":3746,"date":"2023-10-09T19:18:10","date_gmt":"2023-10-09T16:18:10","guid":{"rendered":"https:\/\/www.marsendustri.com\/?page_id=3746"},"modified":"2023-10-10T17:49:42","modified_gmt":"2023-10-10T14:49:42","slug":"machine-and-equipments","status":"publish","type":"page","link":"https:\/\/www.marsendustri.com\/en\/machine-and-equipments\/","title":{"rendered":"Machines Equipments and Spare Parts"},"content":{"rendered":"\t\t<div data-elementor-type=\"wp-page\" data-elementor-id=\"3746\" class=\"elementor elementor-3746\">\n\t\t\t\t\t\t\t\t\t<section class=\"elementor-section elementor-top-section elementor-element elementor-element-3e09c56f elementor-section-stretched elementor-section-boxed elementor-section-height-default elementor-section-height-default\" data-id=\"3e09c56f\" data-element_type=\"section\" data-settings=\"{&quot;stretch_section&quot;:&quot;section-stretched&quot;}\">\n\t\t\t\t\t\t<div class=\"elementor-container elementor-column-gap-no\">\n\t\t\t\t\t<div class=\"elementor-column elementor-col-100 elementor-top-column elementor-element elementor-element-5d9a240d\" data-id=\"5d9a240d\" data-element_type=\"column\">\n\t\t\t<div class=\"elementor-widget-wrap elementor-element-populated\">\n\t\t\t\t\t\t\t\t<div class=\"elementor-element elementor-element-3bf96c27 elementor-grid-3 elementor-grid-tablet-2 elementor-grid-mobile-1 elementor-widget elementor-widget-gyan_services_full_text\" data-id=\"3bf96c27\" data-element_type=\"widget\" data-settings=\"{&quot;columns&quot;:&quot;3&quot;,&quot;columns_tablet&quot;:&quot;2&quot;,&quot;columns_mobile&quot;:&quot;1&quot;}\" data-widget_type=\"gyan_services_full_text.default\">\n\t\t\t\t<div class=\"elementor-widget-container\">\n\t\t\t\n\t\t<div class=\"gyan-services-full-container gyan-services-full-container-3bf96c27\" data-layout=\"grid\" data-rtl=\"false\">\n\n\t\t\t<div class=\"gyan-services-full-items gyan-elementor-grid\">\n\n\t\t\t\t\n\t\t\t\t\t<div class=\"gyan-service-full-item gyan-grid-item-wrap\">\n\t\t\t\t\t\t<div class=\"gyan-services-full gyan-grid-item gyan-ease-transition\">\n\t\t\t\t\t\t\t<div class=\"gyan-services-full-img\"><a href=\"https:\/\/www.marsendustri.com\/en\/portfolio-item\/cold-press-machine\/\" class=\"gyan-service-full-link\"><img width=\"700\" height=\"450\" src=\"https:\/\/www.marsendustri.com\/wp-content\/uploads\/2023\/10\/4.jpg\" class=\"attachment-full size-full\" alt=\"Mekanik so\u011fuk pres\" loading=\"lazy\" srcset=\"https:\/\/www.marsendustri.com\/wp-content\/uploads\/2023\/10\/4.jpg 700w, https:\/\/www.marsendustri.com\/wp-content\/uploads\/2023\/10\/4-300x193.jpg 300w\" sizes=\"(max-width: 700px) 100vw, 700px\" \/><\/a><\/div><div class=\"gyan-services-full-content\"><div class=\"gyan-services-full-title-desc\"><h6 class=\"gyan-services-full-title\"><a href=\"https:\/\/www.marsendustri.com\/en\/portfolio-item\/cold-press-machine\/\" class=\"gyan-service-full-link\">Cold Press Machine<\/a><\/h6><div class=\"gyan-services-full-desc\">Automatic cold press machine for diamond segment is suitable for pressing of saw blade segments, fan shaped segments, drill bit segments and some special shaped segments.<\/div><\/div><a href=\"https:\/\/www.marsendustri.com\/en\/portfolio-item\/cold-press-machine\/\" class=\"gyan-service-full-link gyan-services-full-button gyan-ease-transition gyan-flex\"><span class=\"gyan-services-full-button-text\">More Information<\/span><span class=\"gyan-services-full-button-arrow\"><\/span><\/a><\/div>\t\t\t\t\t\t<\/div>\n\t\t\t\t\t\t<div class=\"clear\"><\/div>\n\t\t\t\t\t<\/div>\n\n\t\t\t\t \n\t\t\t\t\t<div class=\"gyan-service-full-item gyan-grid-item-wrap\">\n\t\t\t\t\t\t<div class=\"gyan-services-full gyan-grid-item gyan-ease-transition\">\n\t\t\t\t\t\t\t<div class=\"gyan-services-full-img\"><a href=\"https:\/\/www.marsendustri.com\/en\/portfolio-item\/hot-press-sintering-machine\" class=\"gyan-service-full-link\"><img width=\"700\" height=\"450\" src=\"https:\/\/www.marsendustri.com\/wp-content\/uploads\/2023\/10\/m2.jpg\" class=\"attachment-full size-full\" alt=\"Vakum s\u0131cak sinter pres\" loading=\"lazy\" srcset=\"https:\/\/www.marsendustri.com\/wp-content\/uploads\/2023\/10\/m2.jpg 700w, https:\/\/www.marsendustri.com\/wp-content\/uploads\/2023\/10\/m2-300x193.jpg 300w\" sizes=\"(max-width: 700px) 100vw, 700px\" \/><\/a><\/div><div class=\"gyan-services-full-content\"><div class=\"gyan-services-full-title-desc\"><h6 class=\"gyan-services-full-title\"><a href=\"https:\/\/www.marsendustri.com\/en\/portfolio-item\/hot-press-sintering-machine\" class=\"gyan-service-full-link\">Hot Press Sintering Machine<\/a><\/h6><div class=\"gyan-services-full-desc\">Program controlled hot press sintering machine is widely used in making different kinds of hot press sintered products.<\/div><\/div><a href=\"https:\/\/www.marsendustri.com\/en\/portfolio-item\/hot-press-sintering-machine\" class=\"gyan-service-full-link gyan-services-full-button gyan-ease-transition gyan-flex\"><span class=\"gyan-services-full-button-text\">More Information<\/span><span class=\"gyan-services-full-button-arrow\"><\/span><\/a><\/div>\t\t\t\t\t\t<\/div>\n\t\t\t\t\t\t<div class=\"clear\"><\/div>\n\t\t\t\t\t<\/div>\n\n\t\t\t\t \n\t\t\t\t\t<div class=\"gyan-service-full-item gyan-grid-item-wrap\">\n\t\t\t\t\t\t<div class=\"gyan-services-full gyan-grid-item gyan-ease-transition\">\n\t\t\t\t\t\t\t<div class=\"gyan-services-full-img\"><a href=\"https:\/\/www.marsendustri.com\/en\/portfolio-item\/diamond-and-metal-powder-mixer\/\" class=\"gyan-service-full-link\"><img width=\"700\" height=\"450\" src=\"https:\/\/www.marsendustri.com\/wp-content\/uploads\/2023\/10\/10.jpg\" class=\"attachment-full size-full\" alt=\"Metal tozu kar\u0131\u015ft\u0131r\u0131c\u0131 mikser\" loading=\"lazy\" srcset=\"https:\/\/www.marsendustri.com\/wp-content\/uploads\/2023\/10\/10.jpg 700w, https:\/\/www.marsendustri.com\/wp-content\/uploads\/2023\/10\/10-300x193.jpg 300w\" sizes=\"(max-width: 700px) 100vw, 700px\" \/><\/a><\/div><div class=\"gyan-services-full-content\"><div class=\"gyan-services-full-title-desc\"><h6 class=\"gyan-services-full-title\"><a href=\"https:\/\/www.marsendustri.com\/en\/portfolio-item\/diamond-and-metal-powder-mixer\/\" class=\"gyan-service-full-link\">Metal and Diamond Powder Mixer<\/a><\/h6><div class=\"gyan-services-full-desc\">Turbo Mixer for Diamond Powder and Metal Powder. It is mainly used extensively in the fields of diamond products, metallurgy, chemical industry.<\/div><\/div><a href=\"https:\/\/www.marsendustri.com\/en\/portfolio-item\/diamond-and-metal-powder-mixer\/\" class=\"gyan-service-full-link gyan-services-full-button gyan-ease-transition gyan-flex\"><span class=\"gyan-services-full-button-text\">More Information<\/span><span class=\"gyan-services-full-button-arrow\"><\/span><\/a><\/div>\t\t\t\t\t\t<\/div>\n\t\t\t\t\t\t<div class=\"clear\"><\/div>\n\t\t\t\t\t<\/div>\n\n\t\t\t\t \n\t\t\t <\/div> <!-- gyan-services-full-items -->\n\t\t\t <div class=\"clear\"><\/div>\n\n\t\t<\/div>\n\n\t\t\t<\/div>\n\t\t\t\t<\/div>\n\t\t\t\t\t<\/div>\n\t\t<\/div>\n\t\t\t\t\t\t\t<\/div>\n\t\t<\/section>\n\t\t\t\t\t\t\t<\/div>\n\t\t","protected":false},"excerpt":{"rendered":"<p>Graphite Electrode, Graphite Block, Graphite Board, Graphite Rod, Graphite Crucible, Graphite Ring, Degassing Systems, Graphite Granule, Graphite Powder Production, Manufacturing, Price, Sales.<\/p>\n","protected":false},"author":2,"featured_media":0,"parent":0,"menu_order":0,"comment_status":"closed","ping_status":"closed","template":"elementor_header_footer","meta":[],"yoast_head":"<!-- This site is optimized with the Yoast SEO plugin v19.9 - https:\/\/yoast.com\/wordpress\/plugins\/seo\/ -->\n<title>Machines Equipments and Spare Parts - Mars End\u00fcstri<\/title>\n<meta name=\"description\" content=\"Metal and Diamond Powder Mixer Machine, Turbo Mixer Machine, Cold Press Machine, Hot Sinter Press Machine, Diamond Tools Sharpening Machine, Diamond Tools Polishing Machine, Diamond Tools Welding Machine,\" \/>\n<meta name=\"robots\" content=\"index, follow, max-snippet:-1, max-image-preview:large, max-video-preview:-1\" \/>\n<link rel=\"canonical\" href=\"https:\/\/www.marsendustri.com\/en\/machine-and-equipments\/\" \/>\n<meta property=\"og:locale\" content=\"en_US\" \/>\n<meta property=\"og:type\" content=\"article\" \/>\n<meta property=\"og:title\" content=\"Machines Equipments and Spare Parts - Mars End\u00fcstri\" \/>\n<meta property=\"og:description\" content=\"Metal and Diamond Powder Mixer Machine, Turbo Mixer Machine, Cold Press Machine, Hot Sinter Press Machine, Diamond Tools Sharpening Machine, Diamond Tools Polishing Machine, Diamond Tools Welding Machine,\" \/>\n<meta property=\"og:url\" content=\"https:\/\/www.marsendustri.com\/en\/machine-and-equipments\/\" \/>\n<meta property=\"og:site_name\" content=\"Mars End\u00fcstri\" \/>\n<meta property=\"article:modified_time\" content=\"2023-10-10T14:49:42+00:00\" \/>\n<meta property=\"og:image\" content=\"https:\/\/www.marsendustri.com\/wp-content\/uploads\/2023\/10\/4.jpg\" \/>\n<meta name=\"twitter:card\" content=\"summary_large_image\" \/>\n<script type=\"application\/ld+json\" class=\"yoast-schema-graph\">{\"@context\":\"https:\/\/schema.org\",\"@graph\":[{\"@type\":\"WebPage\",\"@id\":\"https:\/\/www.marsendustri.com\/en\/machine-and-equipments\/\",\"url\":\"https:\/\/www.marsendustri.com\/en\/machine-and-equipments\/\",\"name\":\"Machines Equipments and Spare Parts - Mars End\u00fcstri\",\"isPartOf\":{\"@id\":\"https:\/\/www.marsendustri.com\/#website\"},\"datePublished\":\"2023-10-09T16:18:10+00:00\",\"dateModified\":\"2023-10-10T14:49:42+00:00\",\"description\":\"Metal and Diamond Powder Mixer Machine, Turbo Mixer Machine, Cold Press Machine, Hot Sinter Press Machine, Diamond Tools Sharpening Machine, Diamond Tools Polishing Machine, Diamond Tools Welding Machine,\",\"breadcrumb\":{\"@id\":\"https:\/\/www.marsendustri.com\/en\/machine-and-equipments\/#breadcrumb\"},\"inLanguage\":\"en-US\",\"potentialAction\":[{\"@type\":\"ReadAction\",\"target\":[\"https:\/\/www.marsendustri.com\/en\/machine-and-equipments\/\"]}]},{\"@type\":\"BreadcrumbList\",\"@id\":\"https:\/\/www.marsendustri.com\/en\/machine-and-equipments\/#breadcrumb\",\"itemListElement\":[{\"@type\":\"ListItem\",\"position\":1,\"name\":\"Anasayfa\",\"item\":\"https:\/\/www.marsendustri.com\/en\/\"},{\"@type\":\"ListItem\",\"position\":2,\"name\":\"Machines Equipments and Spare Parts\"}]},{\"@type\":\"WebSite\",\"@id\":\"https:\/\/www.marsendustri.com\/#website\",\"url\":\"https:\/\/www.marsendustri.com\/\",\"name\":\"Mars End\u00fcstri\",\"description\":\"\",\"publisher\":{\"@id\":\"https:\/\/www.marsendustri.com\/#organization\"},\"potentialAction\":[{\"@type\":\"SearchAction\",\"target\":{\"@type\":\"EntryPoint\",\"urlTemplate\":\"https:\/\/www.marsendustri.com\/?s={search_term_string}\"},\"query-input\":\"required name=search_term_string\"}],\"inLanguage\":\"en-US\"},{\"@type\":\"Organization\",\"@id\":\"https:\/\/www.marsendustri.com\/#organization\",\"name\":\"Mars End\u00fcstri\",\"url\":\"https:\/\/www.marsendustri.com\/\",\"logo\":{\"@type\":\"ImageObject\",\"inLanguage\":\"en-US\",\"@id\":\"https:\/\/www.marsendustri.com\/#\/schema\/logo\/image\/\",\"url\":\"https:\/\/www.marsendustri.com\/wp-content\/uploads\/2022\/06\/mars-endustri-logo-rnk.png\",\"contentUrl\":\"https:\/\/www.marsendustri.com\/wp-content\/uploads\/2022\/06\/mars-endustri-logo-rnk.png\",\"width\":120,\"height\":92,\"caption\":\"Mars End\u00fcstri\"},\"image\":{\"@id\":\"https:\/\/www.marsendustri.com\/#\/schema\/logo\/image\/\"}}]}<\/script>\n<!-- \/ Yoast SEO plugin. -->","yoast_head_json":{"title":"Machines Equipments and Spare Parts - Mars End\u00fcstri","description":"Metal and Diamond Powder Mixer Machine, Turbo Mixer Machine, Cold Press Machine, Hot Sinter Press Machine, Diamond Tools Sharpening Machine, Diamond Tools Polishing Machine, Diamond Tools Welding Machine,","robots":{"index":"index","follow":"follow","max-snippet":"max-snippet:-1","max-image-preview":"max-image-preview:large","max-video-preview":"max-video-preview:-1"},"canonical":"https:\/\/www.marsendustri.com\/en\/machine-and-equipments\/","og_locale":"en_US","og_type":"article","og_title":"Machines Equipments and Spare Parts - Mars End\u00fcstri","og_description":"Metal and Diamond Powder Mixer Machine, Turbo Mixer Machine, Cold Press Machine, Hot Sinter Press Machine, Diamond Tools Sharpening Machine, Diamond Tools Polishing Machine, Diamond Tools Welding Machine,","og_url":"https:\/\/www.marsendustri.com\/en\/machine-and-equipments\/","og_site_name":"Mars End\u00fcstri","article_modified_time":"2023-10-10T14:49:42+00:00","og_image":[{"url":"https:\/\/www.marsendustri.com\/wp-content\/uploads\/2023\/10\/4.jpg"}],"twitter_card":"summary_large_image","schema":{"@context":"https:\/\/schema.org","@graph":[{"@type":"WebPage","@id":"https:\/\/www.marsendustri.com\/en\/machine-and-equipments\/","url":"https:\/\/www.marsendustri.com\/en\/machine-and-equipments\/","name":"Machines Equipments and Spare Parts - Mars End\u00fcstri","isPartOf":{"@id":"https:\/\/www.marsendustri.com\/#website"},"datePublished":"2023-10-09T16:18:10+00:00","dateModified":"2023-10-10T14:49:42+00:00","description":"Metal and Diamond Powder Mixer Machine, Turbo Mixer Machine, Cold Press Machine, Hot Sinter Press Machine, Diamond Tools Sharpening Machine, Diamond Tools Polishing Machine, Diamond Tools Welding Machine,","breadcrumb":{"@id":"https:\/\/www.marsendustri.com\/en\/machine-and-equipments\/#breadcrumb"},"inLanguage":"en-US","potentialAction":[{"@type":"ReadAction","target":["https:\/\/www.marsendustri.com\/en\/machine-and-equipments\/"]}]},{"@type":"BreadcrumbList","@id":"https:\/\/www.marsendustri.com\/en\/machine-and-equipments\/#breadcrumb","itemListElement":[{"@type":"ListItem","position":1,"name":"Anasayfa","item":"https:\/\/www.marsendustri.com\/en\/"},{"@type":"ListItem","position":2,"name":"Machines Equipments and Spare Parts"}]},{"@type":"WebSite","@id":"https:\/\/www.marsendustri.com\/#website","url":"https:\/\/www.marsendustri.com\/","name":"Mars End\u00fcstri","description":"","publisher":{"@id":"https:\/\/www.marsendustri.com\/#organization"},"potentialAction":[{"@type":"SearchAction","target":{"@type":"EntryPoint","urlTemplate":"https:\/\/www.marsendustri.com\/?s={search_term_string}"},"query-input":"required name=search_term_string"}],"inLanguage":"en-US"},{"@type":"Organization","@id":"https:\/\/www.marsendustri.com\/#organization","name":"Mars End\u00fcstri","url":"https:\/\/www.marsendustri.com\/","logo":{"@type":"ImageObject","inLanguage":"en-US","@id":"https:\/\/www.marsendustri.com\/#\/schema\/logo\/image\/","url":"https:\/\/www.marsendustri.com\/wp-content\/uploads\/2022\/06\/mars-endustri-logo-rnk.png","contentUrl":"https:\/\/www.marsendustri.com\/wp-content\/uploads\/2022\/06\/mars-endustri-logo-rnk.png","width":120,"height":92,"caption":"Mars End\u00fcstri"},"image":{"@id":"https:\/\/www.marsendustri.com\/#\/schema\/logo\/image\/"}}]}},"_links":{"self":[{"href":"https:\/\/www.marsendustri.com\/en\/wp-json\/wp\/v2\/pages\/3746"}],"collection":[{"href":"https:\/\/www.marsendustri.com\/en\/wp-json\/wp\/v2\/pages"}],"about":[{"href":"https:\/\/www.marsendustri.com\/en\/wp-json\/wp\/v2\/types\/page"}],"author":[{"embeddable":true,"href":"https:\/\/www.marsendustri.com\/en\/wp-json\/wp\/v2\/users\/2"}],"replies":[{"embeddable":true,"href":"https:\/\/www.marsendustri.com\/en\/wp-json\/wp\/v2\/comments?post=3746"}],"version-history":[{"count":19,"href":"https:\/\/www.marsendustri.com\/en\/wp-json\/wp\/v2\/pages\/3746\/revisions"}],"predecessor-version":[{"id":3823,"href":"https:\/\/www.marsendustri.com\/en\/wp-json\/wp\/v2\/pages\/3746\/revisions\/3823"}],"wp:attachment":[{"href":"https:\/\/www.marsendustri.com\/en\/wp-json\/wp\/v2\/media?parent=3746"}],"curies":[{"name":"wp","href":"https:\/\/api.w.org\/{rel}","templated":true}]}}