{"id":2963,"date":"2022-06-13T21:36:14","date_gmt":"2022-06-13T18:36:14","guid":{"rendered":"https:\/\/www.marsendustri.com\/what-is-graphite\/"},"modified":"2022-06-14T01:40:59","modified_gmt":"2022-06-13T22:40:59","slug":"what-is-graphite","status":"publish","type":"page","link":"https:\/\/www.marsendustri.com\/en\/what-is-graphite\/","title":{"rendered":"What is Graphite?"},"content":{"rendered":"\t\t<div data-elementor-type=\"wp-page\" data-elementor-id=\"2963\" class=\"elementor elementor-2963 elementor-2422\">\n\t\t\t\t\t\t\t\t\t<section class=\"elementor-section elementor-top-section elementor-element elementor-element-4218c7e1 elementor-section-stretched elementor-section-boxed elementor-section-height-default elementor-section-height-default\" data-id=\"4218c7e1\" data-element_type=\"section\" data-settings=\"{&quot;stretch_section&quot;:&quot;section-stretched&quot;,&quot;background_background&quot;:&quot;classic&quot;}\">\n\t\t\t\t\t\t\t<div class=\"elementor-background-overlay\"><\/div>\n\t\t\t\t\t\t\t<div class=\"elementor-container elementor-column-gap-no\">\n\t\t\t\t\t<div class=\"elementor-column elementor-col-100 elementor-top-column elementor-element elementor-element-65fe261d\" data-id=\"65fe261d\" data-element_type=\"column\">\n\t\t\t<div class=\"elementor-widget-wrap\">\n\t\t\t\t\t\t\t\t\t<\/div>\n\t\t<\/div>\n\t\t\t\t\t\t\t<\/div>\n\t\t<\/section>\n\t\t\t\t<section class=\"elementor-section elementor-inner-section elementor-element elementor-element-4acaadc5 elementor-section-boxed elementor-section-height-default elementor-section-height-default\" data-id=\"4acaadc5\" data-element_type=\"section\" data-settings=\"{&quot;background_background&quot;:&quot;classic&quot;}\">\n\t\t\t\t\t\t<div class=\"elementor-container elementor-column-gap-no\">\n\t\t\t\t\t<div class=\"elementor-column elementor-col-50 elementor-inner-column elementor-element elementor-element-6dd8841a\" data-id=\"6dd8841a\" data-element_type=\"column\">\n\t\t\t<div class=\"elementor-widget-wrap elementor-element-populated\">\n\t\t\t\t\t\t\t\t<div class=\"elementor-element elementor-element-23cfd710 elementor-widget elementor-widget-gyan_title\" data-id=\"23cfd710\" data-element_type=\"widget\" data-widget_type=\"gyan_title.default\">\n\t\t\t\t<div class=\"elementor-widget-container\">\n\t\t\t\t\t<div class=\"gyan-title\">\r\n\t\t\t<h3 class=\"gyan-title-heading\">WHAT IS GRAPHITE?<\/h3>\t\t<\/div>\r\n\t\t\t\t<\/div>\n\t\t\t\t<\/div>\n\t\t\t\t<div class=\"elementor-element elementor-element-2c48dac3 elementor-widget elementor-widget-text-editor\" data-id=\"2c48dac3\" data-element_type=\"widget\" data-widget_type=\"text-editor.default\">\n\t\t\t\t<div class=\"elementor-widget-container\">\n\t\t\t<style>\/*! elementor - v3.6.6 - 08-06-2022 *\/\n.elementor-widget-text-editor.elementor-drop-cap-view-stacked .elementor-drop-cap{background-color:#818a91;color:#fff}.elementor-widget-text-editor.elementor-drop-cap-view-framed .elementor-drop-cap{color:#818a91;border:3px solid;background-color:transparent}.elementor-widget-text-editor:not(.elementor-drop-cap-view-default) .elementor-drop-cap{margin-top:8px}.elementor-widget-text-editor:not(.elementor-drop-cap-view-default) .elementor-drop-cap-letter{width:1em;height:1em}.elementor-widget-text-editor .elementor-drop-cap{float:left;text-align:center;line-height:1;font-size:50px}.elementor-widget-text-editor .elementor-drop-cap-letter{display:inline-block}<\/style>\t\t\t\tGraphite is a carbon mineral that is very soft, oily to the touch and has the ability to bend into thin sheets. It is one of the three main allotropic forms of carbon, along with diamond and amorphous carbon. In other words; It is a mineral composed of carbon elements.\t\t\t\t\t\t<\/div>\n\t\t\t\t<\/div>\n\t\t\t\t<div class=\"elementor-element elementor-element-735217e elementor-widget elementor-widget-gyan_title\" data-id=\"735217e\" data-element_type=\"widget\" data-widget_type=\"gyan_title.default\">\n\t\t\t\t<div class=\"elementor-widget-container\">\n\t\t\t\t\t<div class=\"gyan-title\">\r\n\t\t\t<h3 class=\"gyan-title-heading\">WHERE IS GRAPHIE USED?<\/h3>\t\t<\/div>\r\n\t\t\t\t<\/div>\n\t\t\t\t<\/div>\n\t\t\t\t<div class=\"elementor-element elementor-element-2894f427 elementor-widget elementor-widget-text-editor\" data-id=\"2894f427\" data-element_type=\"widget\" data-widget_type=\"text-editor.default\">\n\t\t\t\t<div class=\"elementor-widget-container\">\n\t\t\t\t\t\t\tDue to its properties, the usage areas of graphite are very wide. It is used in pencil making and lubrication of moving metal parts due to its softness, in casting and refractory industry, in the manufacture of crucibles and laboratory materials due to its resistance to fire and acids. Black refractory paints are usually made of graphite. Due to its good electrical conductivity, it is used in the manufacture of electrodes, motor brushes, battery bars and electronic devices. Graphite is also used as an additive in tires, car linings, matches and engine oils.\t\t\t\t\t\t<\/div>\n\t\t\t\t<\/div>\n\t\t\t\t\t<\/div>\n\t\t<\/div>\n\t\t\t\t<div class=\"elementor-column elementor-col-50 elementor-inner-column elementor-element elementor-element-26bef6a8\" data-id=\"26bef6a8\" data-element_type=\"column\">\n\t\t\t<div class=\"elementor-widget-wrap elementor-element-populated\">\n\t\t\t\t\t\t\t\t<div class=\"elementor-element elementor-element-7f33afdd elementor-widget elementor-widget-image\" data-id=\"7f33afdd\" data-element_type=\"widget\" data-widget_type=\"image.default\">\n\t\t\t\t<div class=\"elementor-widget-container\">\n\t\t\t<style>\/*! elementor - v3.6.6 - 08-06-2022 *\/\n.elementor-widget-image{text-align:center}.elementor-widget-image a{display:inline-block}.elementor-widget-image a img[src$=\".svg\"]{width:48px}.elementor-widget-image img{vertical-align:middle;display:inline-block}<\/style>\t\t\t\t\t\t\t\t\t\t\t\t<img width=\"699\" height=\"650\" src=\"https:\/\/www.marsendustri.com\/wp-content\/uploads\/2022\/06\/grafit-uretim.webp\" class=\"attachment-large size-large\" alt=\"grafit \u00fcretim sat\u0131\u015f\" loading=\"lazy\" srcset=\"https:\/\/www.marsendustri.com\/wp-content\/uploads\/2022\/06\/grafit-uretim.webp 699w, https:\/\/www.marsendustri.com\/wp-content\/uploads\/2022\/06\/grafit-uretim-300x279.webp 300w\" sizes=\"(max-width: 699px) 100vw, 699px\" \/>\t\t\t\t\t\t\t\t\t\t\t\t\t\t\t<\/div>\n\t\t\t\t<\/div>\n\t\t\t\t\t<\/div>\n\t\t<\/div>\n\t\t\t\t\t\t\t<\/div>\n\t\t<\/section>\n\t\t\t\t<section class=\"elementor-section elementor-top-section elementor-element elementor-element-905b27d elementor-section-stretched elementor-section-boxed elementor-section-height-default elementor-section-height-default\" data-id=\"905b27d\" data-element_type=\"section\" data-settings=\"{&quot;stretch_section&quot;:&quot;section-stretched&quot;,&quot;background_background&quot;:&quot;classic&quot;}\">\n\t\t\t\t\t\t\t<div class=\"elementor-background-overlay\"><\/div>\n\t\t\t\t\t\t\t<div class=\"elementor-container elementor-column-gap-default\">\n\t\t\t\t\t<div class=\"elementor-column elementor-col-50 elementor-top-column elementor-element elementor-element-5d8d37a4\" data-id=\"5d8d37a4\" data-element_type=\"column\" data-settings=\"{&quot;background_background&quot;:&quot;classic&quot;}\">\n\t\t\t<div class=\"elementor-widget-wrap elementor-element-populated\">\n\t\t\t\t\t\t\t\t<div class=\"elementor-element elementor-element-b5042d8 elementor-widget elementor-widget-image\" data-id=\"b5042d8\" data-element_type=\"widget\" data-widget_type=\"image.default\">\n\t\t\t\t<div class=\"elementor-widget-container\">\n\t\t\t\t\t\t\t\t\t\t\t\t\t\t\t<img width=\"493\" height=\"221\" src=\"https:\/\/www.marsendustri.com\/wp-content\/uploads\/2022\/06\/elektrodd.webp\" class=\"attachment-large size-large\" alt=\"\" loading=\"lazy\" srcset=\"https:\/\/www.marsendustri.com\/wp-content\/uploads\/2022\/06\/elektrodd.webp 493w, https:\/\/www.marsendustri.com\/wp-content\/uploads\/2022\/06\/elektrodd-300x134.webp 300w\" sizes=\"(max-width: 493px) 100vw, 493px\" \/>\t\t\t\t\t\t\t\t\t\t\t\t\t\t\t<\/div>\n\t\t\t\t<\/div>\n\t\t\t\t\t<\/div>\n\t\t<\/div>\n\t\t\t\t<div class=\"elementor-column elementor-col-50 elementor-top-column elementor-element elementor-element-86b72ac\" data-id=\"86b72ac\" data-element_type=\"column\">\n\t\t\t<div class=\"elementor-widget-wrap elementor-element-populated\">\n\t\t\t\t\t\t\t\t<div class=\"elementor-element elementor-element-5c1af8d0 elementor-widget elementor-widget-gyan_title\" data-id=\"5c1af8d0\" data-element_type=\"widget\" data-widget_type=\"gyan_title.default\">\n\t\t\t\t<div class=\"elementor-widget-container\">\n\t\t\t\t\t<div class=\"gyan-title\">\r\n\t\t\t<h3 class=\"gyan-title-heading\">ADVANTAGES OF GRAPHITE<\/h3>\t\t<\/div>\r\n\t\t\t\t<\/div>\n\t\t\t\t<\/div>\n\t\t\t\t<div class=\"elementor-element elementor-element-4ea7e99f elementor-widget elementor-widget-text-editor\" data-id=\"4ea7e99f\" data-element_type=\"widget\" data-widget_type=\"text-editor.default\">\n\t\t\t\t<div class=\"elementor-widget-container\">\n\t\t\t\t\t\t\to Increased mechanical strength at high temperature\r\no Strong thermal shock resistance\r\no Low thermal expansion\r\no Good electrical conductivity\t\t\t\t\t\t<\/div>\n\t\t\t\t<\/div>\n\t\t\t\t\t<\/div>\n\t\t<\/div>\n\t\t\t\t\t\t\t<\/div>\n\t\t<\/section>\n\t\t\t\t\t\t\t<\/div>\n\t\t","protected":false},"excerpt":{"rendered":"<p>WHAT IS GRAPHITE? Graphite is a carbon mineral that is very soft, oily to the touch and has the ability to bend into thin sheets. It is one of the three main allotropic forms of carbon, along with diamond and amorphous carbon. In other words; It is a mineral composed [&hellip;]<\/p>\n","protected":false},"author":1,"featured_media":0,"parent":0,"menu_order":0,"comment_status":"closed","ping_status":"closed","template":"","meta":[],"yoast_head":"<!-- This site is optimized with the Yoast SEO plugin v19.9 - https:\/\/yoast.com\/wordpress\/plugins\/seo\/ -->\n<title>What is Graphite? - Mars End\u00fcstri<\/title>\n<meta name=\"robots\" content=\"index, follow, max-snippet:-1, max-image-preview:large, max-video-preview:-1\" \/>\n<link rel=\"canonical\" href=\"https:\/\/www.marsendustri.com\/en\/what-is-graphite\/\" \/>\n<meta property=\"og:locale\" content=\"en_US\" \/>\n<meta property=\"og:type\" content=\"article\" \/>\n<meta property=\"og:title\" content=\"What is Graphite? - Mars End\u00fcstri\" \/>\n<meta property=\"og:description\" content=\"WHAT IS GRAPHITE? Graphite is a carbon mineral that is very soft, oily to the touch and has the ability to bend into thin sheets. It is one of the three main allotropic forms of carbon, along with diamond and amorphous carbon. In other words; It is a mineral composed [&hellip;]\" \/>\n<meta property=\"og:url\" content=\"https:\/\/www.marsendustri.com\/en\/what-is-graphite\/\" \/>\n<meta property=\"og:site_name\" content=\"Mars End\u00fcstri\" \/>\n<meta property=\"article:modified_time\" content=\"2022-06-13T22:40:59+00:00\" \/>\n<meta property=\"og:image\" content=\"https:\/\/www.marsendustri.com\/wp-content\/uploads\/2022\/06\/grafit-uretim.webp\" \/>\n<meta name=\"twitter:card\" content=\"summary_large_image\" \/>\n<meta name=\"twitter:label1\" content=\"Est. reading time\" \/>\n\t<meta name=\"twitter:data1\" content=\"1 minute\" \/>\n<script type=\"application\/ld+json\" class=\"yoast-schema-graph\">{\"@context\":\"https:\/\/schema.org\",\"@graph\":[{\"@type\":\"WebPage\",\"@id\":\"https:\/\/www.marsendustri.com\/en\/what-is-graphite\/\",\"url\":\"https:\/\/www.marsendustri.com\/en\/what-is-graphite\/\",\"name\":\"What is Graphite? - Mars End\u00fcstri\",\"isPartOf\":{\"@id\":\"https:\/\/www.marsendustri.com\/#website\"},\"datePublished\":\"2022-06-13T18:36:14+00:00\",\"dateModified\":\"2022-06-13T22:40:59+00:00\",\"breadcrumb\":{\"@id\":\"https:\/\/www.marsendustri.com\/en\/what-is-graphite\/#breadcrumb\"},\"inLanguage\":\"en-US\",\"potentialAction\":[{\"@type\":\"ReadAction\",\"target\":[\"https:\/\/www.marsendustri.com\/en\/what-is-graphite\/\"]}]},{\"@type\":\"BreadcrumbList\",\"@id\":\"https:\/\/www.marsendustri.com\/en\/what-is-graphite\/#breadcrumb\",\"itemListElement\":[{\"@type\":\"ListItem\",\"position\":1,\"name\":\"Anasayfa\",\"item\":\"https:\/\/www.marsendustri.com\/en\/\"},{\"@type\":\"ListItem\",\"position\":2,\"name\":\"What is Graphite?\"}]},{\"@type\":\"WebSite\",\"@id\":\"https:\/\/www.marsendustri.com\/#website\",\"url\":\"https:\/\/www.marsendustri.com\/\",\"name\":\"Mars End\u00fcstri\",\"description\":\"\",\"publisher\":{\"@id\":\"https:\/\/www.marsendustri.com\/#organization\"},\"potentialAction\":[{\"@type\":\"SearchAction\",\"target\":{\"@type\":\"EntryPoint\",\"urlTemplate\":\"https:\/\/www.marsendustri.com\/?s={search_term_string}\"},\"query-input\":\"required name=search_term_string\"}],\"inLanguage\":\"en-US\"},{\"@type\":\"Organization\",\"@id\":\"https:\/\/www.marsendustri.com\/#organization\",\"name\":\"Mars End\u00fcstri\",\"url\":\"https:\/\/www.marsendustri.com\/\",\"logo\":{\"@type\":\"ImageObject\",\"inLanguage\":\"en-US\",\"@id\":\"https:\/\/www.marsendustri.com\/#\/schema\/logo\/image\/\",\"url\":\"https:\/\/www.marsendustri.com\/wp-content\/uploads\/2022\/06\/mars-endustri-logo-rnk.png\",\"contentUrl\":\"https:\/\/www.marsendustri.com\/wp-content\/uploads\/2022\/06\/mars-endustri-logo-rnk.png\",\"width\":120,\"height\":92,\"caption\":\"Mars End\u00fcstri\"},\"image\":{\"@id\":\"https:\/\/www.marsendustri.com\/#\/schema\/logo\/image\/\"}}]}<\/script>\n<!-- \/ Yoast SEO plugin. -->","yoast_head_json":{"title":"What is Graphite? - Mars End\u00fcstri","robots":{"index":"index","follow":"follow","max-snippet":"max-snippet:-1","max-image-preview":"max-image-preview:large","max-video-preview":"max-video-preview:-1"},"canonical":"https:\/\/www.marsendustri.com\/en\/what-is-graphite\/","og_locale":"en_US","og_type":"article","og_title":"What is Graphite? - Mars End\u00fcstri","og_description":"WHAT IS GRAPHITE? Graphite is a carbon mineral that is very soft, oily to the touch and has the ability to bend into thin sheets. It is one of the three main allotropic forms of carbon, along with diamond and amorphous carbon. In other words; It is a mineral composed [&hellip;]","og_url":"https:\/\/www.marsendustri.com\/en\/what-is-graphite\/","og_site_name":"Mars End\u00fcstri","article_modified_time":"2022-06-13T22:40:59+00:00","og_image":[{"url":"https:\/\/www.marsendustri.com\/wp-content\/uploads\/2022\/06\/grafit-uretim.webp"}],"twitter_card":"summary_large_image","twitter_misc":{"Est. reading time":"1 minute"},"schema":{"@context":"https:\/\/schema.org","@graph":[{"@type":"WebPage","@id":"https:\/\/www.marsendustri.com\/en\/what-is-graphite\/","url":"https:\/\/www.marsendustri.com\/en\/what-is-graphite\/","name":"What is Graphite? - Mars End\u00fcstri","isPartOf":{"@id":"https:\/\/www.marsendustri.com\/#website"},"datePublished":"2022-06-13T18:36:14+00:00","dateModified":"2022-06-13T22:40:59+00:00","breadcrumb":{"@id":"https:\/\/www.marsendustri.com\/en\/what-is-graphite\/#breadcrumb"},"inLanguage":"en-US","potentialAction":[{"@type":"ReadAction","target":["https:\/\/www.marsendustri.com\/en\/what-is-graphite\/"]}]},{"@type":"BreadcrumbList","@id":"https:\/\/www.marsendustri.com\/en\/what-is-graphite\/#breadcrumb","itemListElement":[{"@type":"ListItem","position":1,"name":"Anasayfa","item":"https:\/\/www.marsendustri.com\/en\/"},{"@type":"ListItem","position":2,"name":"What is Graphite?"}]},{"@type":"WebSite","@id":"https:\/\/www.marsendustri.com\/#website","url":"https:\/\/www.marsendustri.com\/","name":"Mars End\u00fcstri","description":"","publisher":{"@id":"https:\/\/www.marsendustri.com\/#organization"},"potentialAction":[{"@type":"SearchAction","target":{"@type":"EntryPoint","urlTemplate":"https:\/\/www.marsendustri.com\/?s={search_term_string}"},"query-input":"required name=search_term_string"}],"inLanguage":"en-US"},{"@type":"Organization","@id":"https:\/\/www.marsendustri.com\/#organization","name":"Mars End\u00fcstri","url":"https:\/\/www.marsendustri.com\/","logo":{"@type":"ImageObject","inLanguage":"en-US","@id":"https:\/\/www.marsendustri.com\/#\/schema\/logo\/image\/","url":"https:\/\/www.marsendustri.com\/wp-content\/uploads\/2022\/06\/mars-endustri-logo-rnk.png","contentUrl":"https:\/\/www.marsendustri.com\/wp-content\/uploads\/2022\/06\/mars-endustri-logo-rnk.png","width":120,"height":92,"caption":"Mars End\u00fcstri"},"image":{"@id":"https:\/\/www.marsendustri.com\/#\/schema\/logo\/image\/"}}]}},"_links":{"self":[{"href":"https:\/\/www.marsendustri.com\/en\/wp-json\/wp\/v2\/pages\/2963"}],"collection":[{"href":"https:\/\/www.marsendustri.com\/en\/wp-json\/wp\/v2\/pages"}],"about":[{"href":"https:\/\/www.marsendustri.com\/en\/wp-json\/wp\/v2\/types\/page"}],"author":[{"embeddable":true,"href":"https:\/\/www.marsendustri.com\/en\/wp-json\/wp\/v2\/users\/1"}],"replies":[{"embeddable":true,"href":"https:\/\/www.marsendustri.com\/en\/wp-json\/wp\/v2\/comments?post=2963"}],"version-history":[{"count":4,"href":"https:\/\/www.marsendustri.com\/en\/wp-json\/wp\/v2\/pages\/2963\/revisions"}],"predecessor-version":[{"id":2967,"href":"https:\/\/www.marsendustri.com\/en\/wp-json\/wp\/v2\/pages\/2963\/revisions\/2967"}],"wp:attachment":[{"href":"https:\/\/www.marsendustri.com\/en\/wp-json\/wp\/v2\/media?parent=2963"}],"curies":[{"name":"wp","href":"https:\/\/api.w.org\/{rel}","templated":true}]}}